{"id":482,"date":"2018-04-05T23:49:48","date_gmt":"2018-04-05T23:49:48","guid":{"rendered":"http:\/\/peruterraexpeditions.com\/?page_id=482"},"modified":"2022-04-05T01:57:28","modified_gmt":"2022-04-05T01:57:28","slug":"metodos-de-pago","status":"publish","type":"page","link":"https:\/\/www.rm.peruterraexpeditions.com\/es\/metodos-de-pago\/","title":{"rendered":"Metodos de Pago"},"content":{"rendered":"<p>[vc_row][vc_column css=\u00bb.vc_custom_1522972302106{padding-top: 30px !important;padding-bottom: 20px !important;}\u00bb][vc_column_text]<\/p>\n<h3 style=\"text-align: center;\"><strong>METODOS DE PAGO<\/strong><\/h3>\n<p>Estimado cliente, para confirmar su reserva es necesario enviarnos, por adelantado, el 30% del precio del tour, se podr\u00e1 realizar a trav\u00e9s de cualquiera de nuestros m\u00e9todos de pago: PayPal, Western Uni\u00f3n, Money Gram, Transferencia bancaria. Por favor, elija el m\u00e9todo m\u00e1s conveniente para usted.<\/p>\n<p>Al confirmar su reserva, usted asume que es consistente con las pol\u00edticas, t\u00e9rminos y condiciones de la Compa\u00f1\u00eda. Le pedimos que lea cuidadosamente.<\/p>\n<h5><strong>1\u00b0 PAGO POR PAYPAL<\/strong><\/h5>\n<p>Usted debe aceptar la comisi\u00f3n del 10% del valor que se enviar\u00e1. (Comisi\u00f3n Bancaria para el pago a trav\u00e9s de PAYPAL, se ajustar\u00e1 autom\u00e1ticamente).<\/p>\n<p>Por favor, despu\u00e9s de hacer clic en el bot\u00f3n de abajo, le pedimos, por favor hacer clic en el bot\u00f3n \u201cactualizar\u201d que est\u00e1 debajo del valor del campo para que el pago sea realizado correctamente.<\/p>\n<p><img loading=\"lazy\" decoding=\"async\" class=\"alignnone size-full wp-image-491\" src=\"http:\/\/peruterraexpeditions.com\/wp-content\/uploads\/PayPal.jpg\" alt=\"\" width=\"376\" height=\"100\" srcset=\"https:\/\/www.rm.peruterraexpeditions.com\/wp-content\/uploads\/PayPal.jpg 376w, https:\/\/www.rm.peruterraexpeditions.com\/wp-content\/uploads\/PayPal-600x159.jpg 600w, https:\/\/www.rm.peruterraexpeditions.com\/wp-content\/uploads\/PayPal-768x204.jpg 768w\" sizes=\"auto, (max-width: 376px) 100vw, 376px\" \/><\/p>\n<p><strong>peruterraexpeditions@gmail.com<\/strong><\/p>\n<p>Una vez realizado el pago le enviaremos el email de confirmaci\u00f3n.<\/p>\n<h5><strong>2\u00b0 PAGO POR WESTERN UNION<\/strong><\/h5>\n<p>La transferencia debe ser realizada por el Banco de su pa\u00eds, a nombre de nuestro representante, no enviar a nombre diferente. Compruebe en Internet <u>www.westernunion.com<\/u>, el agente m\u00e1s cercano de su casa y p\u00f3ngase en contacto con la oficina m\u00e1s cercana de Western Uni\u00f3n y env\u00ede el pago a: (tal como est\u00e1 descrito)<\/p>\n<p><img loading=\"lazy\" decoding=\"async\" class=\"alignnone size-full wp-image-490\" src=\"http:\/\/peruterraexpeditions.com\/wp-content\/uploads\/Western-Union-Logo-Slogan.jpg\" alt=\"\" width=\"300\" height=\"100\" srcset=\"https:\/\/www.rm.peruterraexpeditions.com\/wp-content\/uploads\/Western-Union-Logo-Slogan.jpg 300w, https:\/\/www.rm.peruterraexpeditions.com\/wp-content\/uploads\/Western-Union-Logo-Slogan-600x200.jpg 600w, https:\/\/www.rm.peruterraexpeditions.com\/wp-content\/uploads\/Western-Union-Logo-Slogan-768x256.jpg 768w\" sizes=\"auto, (max-width: 300px) 100vw, 300px\" \/><\/p>\n<ul>\n<li>Nombre: <strong>Lizbet<\/strong><\/li>\n<li>Apellidos: <strong>Quispe Condori<\/strong><\/li>\n<li>ID: <strong>45774180<\/strong><\/li>\n<li>Direcci\u00f3n: <strong>Plaza 2 de noviembre \u2013 San Jer\u00f3nimo<\/strong><\/li>\n<li>Ciudad: <strong>Cusco<\/strong><\/li>\n<li>Pa\u00eds: <strong>Per\u00fa<\/strong><\/li>\n<\/ul>\n<p>Una vez hecho el dep\u00f3sito, le dar\u00e1n el n\u00famero de transferencia, MTCN: N\u00famero de Control de Transferencia (Money Transfer Control Number).<\/p>\n<p>Por favor, h\u00e1ganos saber por correo electr\u00f3nico indicando el n\u00famero MTCN y la cantidad enviada.<\/p>\n<h5><strong>3\u00b0 PAGO POR MONEY GRAM<\/strong><\/h5>\n<p>El env\u00edo se debe hacer a nombre de nuestro representante, no env\u00ede a nombre de otra persona.<\/p>\n<p>Compruebe en Internet <u>www.moneygram.com<\/u> el agente m\u00e1s cercano de su casa, y luego apersonarse a la oficina m\u00e1s cercana y hacer el pago a: (tal como est\u00e1 descrito)<\/p>\n<p><img loading=\"lazy\" decoding=\"async\" class=\"alignnone size-full wp-image-489\" src=\"http:\/\/peruterraexpeditions.com\/wp-content\/uploads\/moneygramads.jpg\" alt=\"\" width=\"291\" height=\"100\" srcset=\"https:\/\/www.rm.peruterraexpeditions.com\/wp-content\/uploads\/moneygramads.jpg 291w, https:\/\/www.rm.peruterraexpeditions.com\/wp-content\/uploads\/moneygramads-600x206.jpg 600w, https:\/\/www.rm.peruterraexpeditions.com\/wp-content\/uploads\/moneygramads-768x263.jpg 768w\" sizes=\"auto, (max-width: 291px) 100vw, 291px\" \/><\/p>\n<ul>\n<li>Nombre: <strong>Lizbet<\/strong><\/li>\n<li>Apellido: <strong>Quispe Condori<\/strong><\/li>\n<li>ID: <strong>45774180<\/strong><\/li>\n<li>Direcci\u00f3n: <strong>Plaza 2 de noviembre \u2013 San Jer\u00f3nimo<\/strong><\/li>\n<li>Ciudad: <strong>Cusco<\/strong><\/li>\n<li>Pa\u00eds: <strong>Per\u00fa<\/strong><\/li>\n<\/ul>\n<p>Env\u00edenos por email la cantidad de env\u00edo y voucher de referencia.<\/p>\n<h5><strong>4\u00b0 PAGO TRANSFERENCIA BANCARIA A TRAV\u00c9S DEL BANCO INTERNACIONAL DEL PER\u00da (INTERBANK)<\/strong><\/h5>\n<p>Usted debe aceptar y enviar la comisi\u00f3n del 15% del monto total a depositar, esta comisi\u00f3n NO se ajustar\u00e1 autom\u00e1ticamente, es necesario realizar el dep\u00f3sito + el % de comisi\u00f3n \u2013 cualquier duda por favor entre en contacto con nuestro consultor de viajes responsable).<\/p>\n<p><img loading=\"lazy\" decoding=\"async\" class=\"alignnone size-full wp-image-488\" src=\"http:\/\/peruterraexpeditions.com\/wp-content\/uploads\/LOGO-interbank.jpg\" alt=\"\" width=\"381\" height=\"100\" srcset=\"https:\/\/www.rm.peruterraexpeditions.com\/wp-content\/uploads\/LOGO-interbank.jpg 381w, https:\/\/www.rm.peruterraexpeditions.com\/wp-content\/uploads\/LOGO-interbank-600x157.jpg 600w, https:\/\/www.rm.peruterraexpeditions.com\/wp-content\/uploads\/LOGO-interbank-768x201.jpg 768w\" sizes=\"auto, (max-width: 381px) 100vw, 381px\" \/><\/p>\n<ul>\n<li>Nombre: <strong>Lizbet Quispe Condori<\/strong><\/li>\n<li>N\u00famero De Cuenta: <strong>420-311417881-6<\/strong><\/li>\n<li>C\u00f3digo Swift: <strong>003-420-013114178816-79<\/strong><\/li>\n<\/ul>\n<p>Env\u00edenos por email la cantidad de env\u00edo y voucher de referencia.<\/p>\n<h5><strong>5\u00b0 PAGO TRANSFERENCIA BANCARIA A TRAV\u00c9S DEL BANCO INTERNACIONAL DEL PER\u00da (BCP) BANCO DE CREDITO<\/strong><\/h5>\n<p>Usted debe aceptar y enviar la comisi\u00f3n del 15% del monto total a depositar, esta comisi\u00f3n NO se ajustar\u00e1 autom\u00e1ticamente, es necesario realizar el dep\u00f3sito + el % de comisi\u00f3n \u2013 cualquier duda por favor entre en contacto con nuestro consultor de viajes responsable).<\/p>\n<p><img loading=\"lazy\" decoding=\"async\" class=\"alignnone size-full wp-image-487\" src=\"http:\/\/peruterraexpeditions.com\/wp-content\/uploads\/bcp-logo.jpg\" alt=\"\" width=\"230\" height=\"100\" srcset=\"https:\/\/www.rm.peruterraexpeditions.com\/wp-content\/uploads\/bcp-logo.jpg 230w, https:\/\/www.rm.peruterraexpeditions.com\/wp-content\/uploads\/bcp-logo-600x260.jpg 600w, https:\/\/www.rm.peruterraexpeditions.com\/wp-content\/uploads\/bcp-logo-768x333.jpg 768w\" sizes=\"auto, (max-width: 230px) 100vw, 230px\" \/><\/p>\n<ul>\n<li>Nombre: <strong>Lizbet Quispe Condori<\/strong><\/li>\n<li>C\u00f3digo Swift: <strong>BCPLPEPL<\/strong><\/li>\n<li>Numero De Cuenta en soles: <strong>285-94178794-0-59<\/strong><\/li>\n<li>C\u00f3digo de cuenta interbancario: <strong>00228519417879405956<\/strong><\/li>\n<\/ul>\n<p>Env\u00edenos por email la cantidad de env\u00edo y voucher de referencia.[\/vc_column_text][\/vc_column][\/vc_row]<\/p>\n","protected":false},"excerpt":{"rendered":"<p>[vc_row][vc_column css=\u00bb.vc_custom_1522972302106{padding-top: 30px !important;padding-bottom: 20px !important;}\u00bb][vc_column_text] METODOS DE PAGO Estimado cliente, para confirmar su reserva es necesario enviarnos, por adelantado, el 30% del precio del tour, se podr\u00e1 realizar a trav\u00e9s de cualquiera de nuestros m\u00e9todos de pago: PayPal, Western Uni\u00f3n, Money Gram, Transferencia bancaria. Por favor, elija el m\u00e9todo m\u00e1s conveniente para usted. Al [&hellip;]<\/p>\n","protected":false},"author":1,"featured_media":476,"parent":0,"menu_order":0,"comment_status":"closed","ping_status":"closed","template":"template-home.php","meta":{"_joinchat":[],"footnotes":""},"class_list":["post-482","page","type-page","status-publish","has-post-thumbnail","hentry"],"yoast_head":"<!-- This site is optimized with the Yoast SEO plugin v21.8 - https:\/\/yoast.com\/wordpress\/plugins\/seo\/ -->\n<title>Metodos de Pago - Peru Terra Expeditions<\/title>\n<meta name=\"robots\" content=\"index, follow, max-snippet:-1, max-image-preview:large, max-video-preview:-1\" \/>\n<link rel=\"canonical\" href=\"https:\/\/www.rm.peruterraexpeditions.com\/es\/metodos-de-pago\/\" \/>\n<meta property=\"og:locale\" content=\"es_ES\" \/>\n<meta property=\"og:type\" content=\"article\" \/>\n<meta property=\"og:title\" content=\"Metodos de Pago - Peru Terra Expeditions\" \/>\n<meta property=\"og:description\" content=\"[vc_row][vc_column css=\u00bb.vc_custom_1522972302106{padding-top: 30px !important;padding-bottom: 20px !important;}\u00bb][vc_column_text] METODOS DE PAGO Estimado cliente, para confirmar su reserva es necesario enviarnos, por adelantado, el 30% del precio del tour, se podr\u00e1 realizar a trav\u00e9s de cualquiera de nuestros m\u00e9todos de pago: PayPal, Western Uni\u00f3n, Money Gram, Transferencia bancaria. Por favor, elija el m\u00e9todo m\u00e1s conveniente para usted. Al [&hellip;]\" \/>\n<meta property=\"og:url\" content=\"https:\/\/www.rm.peruterraexpeditions.com\/es\/metodos-de-pago\/\" \/>\n<meta property=\"og:site_name\" content=\"Peru Terra Expeditions\" \/>\n<meta property=\"article:publisher\" content=\"https:\/\/www.facebook.com\/peruterraexpeditions\/\" \/>\n<meta property=\"article:modified_time\" content=\"2022-04-05T01:57:28+00:00\" \/>\n<meta property=\"og:image\" content=\"https:\/\/www.rm.peruterraexpeditions.com\/wp-content\/uploads\/Tour-Machu-Picchu-y-Cusco-6-D\u00edas-y-5-Noches-5.jpg\" \/>\n\t<meta property=\"og:image:width\" content=\"1200\" \/>\n\t<meta property=\"og:image:height\" content=\"800\" \/>\n\t<meta property=\"og:image:type\" content=\"image\/jpeg\" \/>\n<meta name=\"twitter:card\" content=\"summary_large_image\" \/>\n<meta name=\"twitter:site\" content=\"@peruterraexpedi\" \/>\n<meta name=\"twitter:label1\" content=\"Tiempo de lectura\" \/>\n\t<meta name=\"twitter:data1\" content=\"4 minutos\" \/>\n<script type=\"application\/ld+json\" class=\"yoast-schema-graph\">{\"@context\":\"https:\/\/schema.org\",\"@graph\":[{\"@type\":\"WebPage\",\"@id\":\"https:\/\/www.rm.peruterraexpeditions.com\/es\/metodos-de-pago\/\",\"url\":\"https:\/\/www.rm.peruterraexpeditions.com\/es\/metodos-de-pago\/\",\"name\":\"Metodos de Pago - Peru Terra Expeditions\",\"isPartOf\":{\"@id\":\"https:\/\/www.rm.peruterraexpeditions.com\/en\/#website\"},\"datePublished\":\"2018-04-05T23:49:48+00:00\",\"dateModified\":\"2022-04-05T01:57:28+00:00\",\"breadcrumb\":{\"@id\":\"https:\/\/www.rm.peruterraexpeditions.com\/es\/metodos-de-pago\/#breadcrumb\"},\"inLanguage\":\"es\",\"potentialAction\":[{\"@type\":\"ReadAction\",\"target\":[\"https:\/\/www.rm.peruterraexpeditions.com\/es\/metodos-de-pago\/\"]}]},{\"@type\":\"BreadcrumbList\",\"@id\":\"https:\/\/www.rm.peruterraexpeditions.com\/es\/metodos-de-pago\/#breadcrumb\",\"itemListElement\":[{\"@type\":\"ListItem\",\"position\":1,\"name\":\"Portada\",\"item\":\"https:\/\/www.rm.peruterraexpeditions.com\/en\/\"},{\"@type\":\"ListItem\",\"position\":2,\"name\":\"Metodos de Pago\"}]},{\"@type\":\"WebSite\",\"@id\":\"https:\/\/www.rm.peruterraexpeditions.com\/en\/#website\",\"url\":\"https:\/\/www.rm.peruterraexpeditions.com\/en\/\",\"name\":\"Peru Terra Expeditions\",\"description\":\"Agencia de Viajes y Turismo\",\"publisher\":{\"@id\":\"https:\/\/www.rm.peruterraexpeditions.com\/en\/#organization\"},\"potentialAction\":[{\"@type\":\"SearchAction\",\"target\":{\"@type\":\"EntryPoint\",\"urlTemplate\":\"https:\/\/www.rm.peruterraexpeditions.com\/en\/?s={search_term_string}\"},\"query-input\":\"required name=search_term_string\"}],\"inLanguage\":\"es\"},{\"@type\":\"Organization\",\"@id\":\"https:\/\/www.rm.peruterraexpeditions.com\/en\/#organization\",\"name\":\"Peru Terra Expeditions\",\"url\":\"https:\/\/www.rm.peruterraexpeditions.com\/en\/\",\"logo\":{\"@type\":\"ImageObject\",\"inLanguage\":\"es\",\"@id\":\"https:\/\/www.rm.peruterraexpeditions.com\/en\/#\/schema\/logo\/image\/\",\"url\":\"https:\/\/peruterraexpeditions.com\/wp-content\/uploads\/logos-peruterra-sin-fondo.png\",\"contentUrl\":\"https:\/\/peruterraexpeditions.com\/wp-content\/uploads\/logos-peruterra-sin-fondo.png\",\"width\":1061,\"height\":594,\"caption\":\"Peru Terra Expeditions\"},\"image\":{\"@id\":\"https:\/\/www.rm.peruterraexpeditions.com\/en\/#\/schema\/logo\/image\/\"},\"sameAs\":[\"https:\/\/www.facebook.com\/peruterraexpeditions\/\",\"https:\/\/twitter.com\/peruterraexpedi\",\"https:\/\/www.instagram.com\/peruterraexpeditions\/\",\"https:\/\/www.pinterest.es\/peruterraexpeditions\/\"]}]}<\/script>\n<!-- \/ Yoast SEO plugin. -->","yoast_head_json":{"title":"Metodos de Pago - Peru Terra Expeditions","robots":{"index":"index","follow":"follow","max-snippet":"max-snippet:-1","max-image-preview":"max-image-preview:large","max-video-preview":"max-video-preview:-1"},"canonical":"https:\/\/www.rm.peruterraexpeditions.com\/es\/metodos-de-pago\/","og_locale":"es_ES","og_type":"article","og_title":"Metodos de Pago - Peru Terra Expeditions","og_description":"[vc_row][vc_column css=\u00bb.vc_custom_1522972302106{padding-top: 30px !important;padding-bottom: 20px !important;}\u00bb][vc_column_text] METODOS DE PAGO Estimado cliente, para confirmar su reserva es necesario enviarnos, por adelantado, el 30% del precio del tour, se podr\u00e1 realizar a trav\u00e9s de cualquiera de nuestros m\u00e9todos de pago: PayPal, Western Uni\u00f3n, Money Gram, Transferencia bancaria. Por favor, elija el m\u00e9todo m\u00e1s conveniente para usted. Al [&hellip;]","og_url":"https:\/\/www.rm.peruterraexpeditions.com\/es\/metodos-de-pago\/","og_site_name":"Peru Terra Expeditions","article_publisher":"https:\/\/www.facebook.com\/peruterraexpeditions\/","article_modified_time":"2022-04-05T01:57:28+00:00","og_image":[{"width":1200,"height":800,"url":"https:\/\/www.rm.peruterraexpeditions.com\/wp-content\/uploads\/Tour-Machu-Picchu-y-Cusco-6-D\u00edas-y-5-Noches-5.jpg","type":"image\/jpeg"}],"twitter_card":"summary_large_image","twitter_site":"@peruterraexpedi","twitter_misc":{"Tiempo de lectura":"4 minutos"},"schema":{"@context":"https:\/\/schema.org","@graph":[{"@type":"WebPage","@id":"https:\/\/www.rm.peruterraexpeditions.com\/es\/metodos-de-pago\/","url":"https:\/\/www.rm.peruterraexpeditions.com\/es\/metodos-de-pago\/","name":"Metodos de Pago - Peru Terra Expeditions","isPartOf":{"@id":"https:\/\/www.rm.peruterraexpeditions.com\/en\/#website"},"datePublished":"2018-04-05T23:49:48+00:00","dateModified":"2022-04-05T01:57:28+00:00","breadcrumb":{"@id":"https:\/\/www.rm.peruterraexpeditions.com\/es\/metodos-de-pago\/#breadcrumb"},"inLanguage":"es","potentialAction":[{"@type":"ReadAction","target":["https:\/\/www.rm.peruterraexpeditions.com\/es\/metodos-de-pago\/"]}]},{"@type":"BreadcrumbList","@id":"https:\/\/www.rm.peruterraexpeditions.com\/es\/metodos-de-pago\/#breadcrumb","itemListElement":[{"@type":"ListItem","position":1,"name":"Portada","item":"https:\/\/www.rm.peruterraexpeditions.com\/en\/"},{"@type":"ListItem","position":2,"name":"Metodos de Pago"}]},{"@type":"WebSite","@id":"https:\/\/www.rm.peruterraexpeditions.com\/en\/#website","url":"https:\/\/www.rm.peruterraexpeditions.com\/en\/","name":"Peru Terra Expeditions","description":"Agencia de Viajes y Turismo","publisher":{"@id":"https:\/\/www.rm.peruterraexpeditions.com\/en\/#organization"},"potentialAction":[{"@type":"SearchAction","target":{"@type":"EntryPoint","urlTemplate":"https:\/\/www.rm.peruterraexpeditions.com\/en\/?s={search_term_string}"},"query-input":"required name=search_term_string"}],"inLanguage":"es"},{"@type":"Organization","@id":"https:\/\/www.rm.peruterraexpeditions.com\/en\/#organization","name":"Peru Terra Expeditions","url":"https:\/\/www.rm.peruterraexpeditions.com\/en\/","logo":{"@type":"ImageObject","inLanguage":"es","@id":"https:\/\/www.rm.peruterraexpeditions.com\/en\/#\/schema\/logo\/image\/","url":"https:\/\/peruterraexpeditions.com\/wp-content\/uploads\/logos-peruterra-sin-fondo.png","contentUrl":"https:\/\/peruterraexpeditions.com\/wp-content\/uploads\/logos-peruterra-sin-fondo.png","width":1061,"height":594,"caption":"Peru Terra Expeditions"},"image":{"@id":"https:\/\/www.rm.peruterraexpeditions.com\/en\/#\/schema\/logo\/image\/"},"sameAs":["https:\/\/www.facebook.com\/peruterraexpeditions\/","https:\/\/twitter.com\/peruterraexpedi","https:\/\/www.instagram.com\/peruterraexpeditions\/","https:\/\/www.pinterest.es\/peruterraexpeditions\/"]}]}},"_links":{"self":[{"href":"https:\/\/www.rm.peruterraexpeditions.com\/es\/wp-json\/wp\/v2\/pages\/482","targetHints":{"allow":["GET"]}}],"collection":[{"href":"https:\/\/www.rm.peruterraexpeditions.com\/es\/wp-json\/wp\/v2\/pages"}],"about":[{"href":"https:\/\/www.rm.peruterraexpeditions.com\/es\/wp-json\/wp\/v2\/types\/page"}],"author":[{"embeddable":true,"href":"https:\/\/www.rm.peruterraexpeditions.com\/es\/wp-json\/wp\/v2\/users\/1"}],"replies":[{"embeddable":true,"href":"https:\/\/www.rm.peruterraexpeditions.com\/es\/wp-json\/wp\/v2\/comments?post=482"}],"version-history":[{"count":7,"href":"https:\/\/www.rm.peruterraexpeditions.com\/es\/wp-json\/wp\/v2\/pages\/482\/revisions"}],"predecessor-version":[{"id":933,"href":"https:\/\/www.rm.peruterraexpeditions.com\/es\/wp-json\/wp\/v2\/pages\/482\/revisions\/933"}],"wp:featuredmedia":[{"embeddable":true,"href":"https:\/\/www.rm.peruterraexpeditions.com\/es\/wp-json\/wp\/v2\/media\/476"}],"wp:attachment":[{"href":"https:\/\/www.rm.peruterraexpeditions.com\/es\/wp-json\/wp\/v2\/media?parent=482"}],"curies":[{"name":"wp","href":"https:\/\/api.w.org\/{rel}","templated":true}]}}