{"id":1150,"date":"2023-12-27T01:23:21","date_gmt":"2023-12-27T01:23:21","guid":{"rendered":"https:\/\/www.peruterraexpeditions.com\/?page_id=1150"},"modified":"2024-01-10T01:25:59","modified_gmt":"2024-01-10T01:25:59","slug":"puno-sus-atractivos-turisticos","status":"publish","type":"page","link":"https:\/\/www.rm.peruterraexpeditions.com\/es\/puno-sus-atractivos-turisticos\/","title":{"rendered":"PUNO SUS ATRACTIVOS TUR\u00cdSTICOS"},"content":{"rendered":"<p>[vc_row css=\u00bb.vc_custom_1519576790778{padding-top: 60px !important;padding-bottom: 60px !important;}\u00bb][vc_column][vc_column_text]<\/p>\n<h2 style=\"text-align: center;\">PUNO SUS PRINCIPALES ATRACTIVOS TUR\u00cdSTICOS<\/h2>\n<p>La regi\u00f3n Puno debido a su ubicaci\u00f3n estrat\u00e9gica (eje Cusco &#8211; Puno &#8211; La Paz, Bolivia), su ancestral cultura, presencia de culturas Pre Incas y cultura Inca, y vestigios del Virreinato; aunado a innumerables atractivos de car\u00e1cter natural (lago Titicaca, lagunas, r\u00edos, ceja de selva, flora, fauna, etc.), ruinas arqueol\u00f3gicas, templos coloniales, y su rico y variado folclore (es conocido como la \u00abCapital del Folclore Peruano\u00bb). El desarrollo de sus potencialidades tur\u00edsticas, sumado a una intensa promoci\u00f3n, le permitir\u00e1 continuar siendo un destino importante en cuanto al turismo receptivo del pa\u00eds. Tiene una variedad de lugares de inter\u00e9s tur\u00edstico, los cuales pueden resumirse en 5 principales atractivos turisticos de Puno son:<\/p>\n<p><em><strong>1.- Ciudad de Puno:<\/strong><\/em> Es el centro tur\u00edstico de la regi\u00f3n, famoso por la<br \/>\nfestividad de la Virgen de la Candelaria (02 de febrero), entre sus principales<br \/>\natractivos se encuentran:<\/p>\n<p><em><strong>1.1. Templos:<\/strong><\/em><\/p>\n<p><strong>Catedral de Puno,<\/strong> con rango de bas\u00edlica menor, construida en el siglo XVIII.<\/p>\n<p><strong>Iglesia San Juan,<\/strong> en su interior se encuentra la venerada Virgen de la Candelaria.<\/p>\n<p><strong>Iglesia San Antonio de Padua,<\/strong> donde se encuentra la imagen del Se\u00f1or de los Milagros.\u00a0 Iglesia de la Merced.<\/p>\n<p><strong>1.2. Plazas y parques:<\/strong><\/p>\n<p><strong>Plaza de Armas,<\/strong> donde se ubica las principales instituciones del Estado como la Municipalidad Provincial de Puno, Poder Judicial, entre otros.<\/p>\n<p><strong>Parque Pino,<\/strong> se encuentra el monumento a Manuel Pino, h\u00e9roe de la guerra con Chile.<\/p>\n<p><strong>1.3. Otros atractivos:<\/strong><\/p>\n<p><strong>Balc\u00f3n del Conde de Lemus,<\/strong> se dice que en esta casa habit\u00f3 el Virrey Conde de<br \/>\nLemus.<\/p>\n<p><strong>Museo Municipal Dreyer,<\/strong> posee colecciones de oro y plata, alfarer\u00eda, y tejidos.<\/p>\n<p><em><strong>Cerrito de Huajsapata,<\/strong> <\/em>se encuentra el monumento a Manco C\u00e1pac, donde se puede observar el Lago Titicaca.<\/p>\n<p><em><strong>Arco Deustua,<\/strong> <\/em>construido en memoria de los peruanos patriotas que lucharon en las batallas de Jun\u00edn y Ayacucho.<\/p>\n<p><em><strong>Arte rupestre en Salcedo,<\/strong><\/em> se encuentra a 4 km de Puno.<\/p>\n<p><em><strong>San Luis de Alva,<\/strong><\/em> conocido como el antiguo Puno, ubicado a 5,2 km de distancia en l\u00ednea directa desde la Plaza de Armas.<\/p>\n<p><em><strong>Isla Esteves,<\/strong><\/em> ubicado a 2 km de Puno, donde se encuentra un hotel para turistas.<\/p>\n<p><em><strong>Colegio San Carlos,<\/strong><\/em> uno de las instituciones educativas m\u00e1s antiguas de la regi\u00f3n, ubicado en el Parque Pino y construido en 1851.<\/p>\n<p><em><strong>Kuntur Wasi y Puma Uta,<\/strong><\/em> mirador tur\u00edstico de donde se puede apreciar la bah\u00eda de Puno.<\/p>\n<p><em><strong>2.- Lago Titicaca<\/strong><\/em><\/p>\n<p><em><strong>Islas Flotantes de Los Uros,<\/strong><\/em> se encuentra a 6 km del Puerto Lacustre de Puno.<\/p>\n<p><em><strong>Reserva Nacional del Titicaca,<\/strong><\/em> localizado en la zona noreste del lago en dos sectores: Puno con 29 150 Has., comprende los distritos de Puno, Huata y<br \/>\nPaucarcolla, y el sector Ramis con 7 030 Has, considerando el r\u00edo Ramis, as\u00ed como las lagunas Sunuco y Yaricoa.<\/p>\n<p><em><strong>Isla Taquile,<\/strong><\/em> ubicada a 35 km de la ciudad de Puno, dividido en 6 suyos.<\/p>\n<p><em><strong>Isla Amantan\u00ed,<\/strong><\/em> ubicada a 38 km del Puerto lacustre de Puno<\/p>\n<p><em><strong>3.- Corredor Tur\u00edstico \u00abLos Aymaras\u00bb:<\/strong><\/em><\/p>\n<p><em><strong>Centro arqueol\u00f3gico de Cutimbo,<\/strong><\/em> ubicado en el distrito de Pichacani a 15 km de la ciudad de Puno.<\/p>\n<p><em><strong>Chimu y Ojerani,<\/strong><\/em> ubicado a 7 y 10 km de Puno, respectivamente.<\/p>\n<p><em><strong>Ichu,<\/strong><\/em> donde sus pobladores descienden de los \u00abCh&#8217;irys\u00bb que fueron tra\u00eddos de<br \/>\nEcuador en la \u00e9poca del Inca Huayna Capac.<\/p>\n<p><em><strong>Chucuito,<\/strong><\/em> ubicada a 18 km de la ciudad de Puno, llamada tambi\u00e9n la ciudad de las \u00abCajas Reales\u00bb, cuenta entre sus atractivos, con lo siguiente:<br \/>\n1. Centro Arqueol\u00f3gico de Inca Uyo, donde se realizaban rituales a la fertilidad,<br \/>\nadem\u00e1s se encuentra falos de piedra de diversos tama\u00f1os.<br \/>\n2. Templo de Santo Domingo, ubicado en la parte baja de la ciudad.<br \/>\n3. Templo de la Asunci\u00f3n, ubicado en la parte alta de la plaza.<br \/>\n4. Mirador tur\u00edstico de Chucuito, tiene una hermosa vista al lago Titicaca.<br \/>\n5. Reloj de Piedra, marca las horas conforme avanza el Sol.<br \/>\n6. El Rollo, era la Picota donde se expon\u00edan a los delincuentes en la \u00e9poca del<br \/>\nvirreinato.<br \/>\n7. Piscicultura, criadero de truchas, nos muestra todo su proceso de crecimiento.<\/p>\n<p><em><strong>Acora,<\/strong><\/em> ubicada a 33 Km. de Puno, tiene los siguientes atractivos:<br \/>\n1. Templo de San Pedro, de estilo mudejar de tradici\u00f3n morisca.<br \/>\n2. Templo de San Juan, es de estilo renacentista<br \/>\n3. Playa de Charcas, con playas de arena blanca y fina.<br \/>\n4. Grupo arqueol\u00f3gico de Molloko, ubicado a 5 km de \u00c1cora, constituida por 4<br \/>\nchullpas de planta cuadrada y 3 circulares.<br \/>\n5. Aguas Termales y Kenko, en Kenko se encuentra un escenario deportivo,<br \/>\ndonde el ej\u00e9rcito inca practicaba la nataci\u00f3n, adem\u00e1s de las chullpas de<br \/>\nPachaka.<\/p>\n<p><em><strong>Ilave,<\/strong> <\/em>se encuentra a 56 km de la ciudad de Puno, es eminentemente comercial, cuenta con templos coloniales San Miguel y Santa B\u00e1rbara<\/p>\n<p><em><strong>Juli,<\/strong> <\/em>conocida como la peque\u00f1a \u00abRoma de Am\u00e9rica\u00bb, ubicada a 80 km de la ciudad de Puno; en el trayecto Ilave &#8211; Juli se observa formaciones geol\u00f3gicas como la ballena, elefante, liebre, foca y el caballo cansado y se observa el Templo del Sol; los templos coloniales son los siguientes:<br \/>\n1. Iglesia San Pedro, edificada en 1565 de estilo Renacentista.<br \/>\n2. Iglesia de San Juan de Letr\u00e1n, construida a principios del siglo XVII.<br \/>\n3. Iglesia de Santa Cruz, notable por sus expresiones de profundo mestizaje e indigenismo.<br \/>\n4. Iglesia de la Asunci\u00f3n, de estilo Renacentista<\/p>\n<p><em><strong>Pomata,<\/strong><\/em> llamada el \u00abBalc\u00f3n Filos\u00f3fico del Altiplano\u00bb a 105 km de la ciudad de Puno, cuenta entre sus atractivos se tiene:<br \/>\n1. Iglesia de Santiago Ap\u00f3stol, de estilo mestizo hecha con piedras rojizas.<br \/>\n2. Catacumbas, dentro de la iglesia Santiago Ap\u00f3stol, donde se encuentran enterrados Obispos y Arzobispos del altiplano.<br \/>\n3. Playas de Chatuma, a 10 km de Pomata, son de fina arena blanca<\/p>\n<p><em><strong>Zepita,<\/strong><\/em> ubicada a 140 km de la ciudad de Puno, entre sus atractivos se cuenta:<br \/>\n1. Templo de San Pedro de Zepita, edificado por los Dominicos, de estilo<br \/>\nBarroco.<br \/>\n2. Tanka Tanka, ubicado a 30 km del distrito de Desaguadero, presenta<br \/>\nviviendas, torres funerarias y fortificaciones.<\/p>\n<p><em><strong>Yunguyo y Desaguadero<\/strong><\/em>, ubicados a 128 y 147 km de Puno, respectivamente, se sit\u00faan en la frontera con Bolivia. En Yunguyo, se consideran los siguientes atractivos tur\u00edsticos.<br \/>\n1. Volc\u00e1n apagado de Kapia, ubicado a 9 km de Yunguyo, en la cima del volc\u00e1n<br \/>\npresenta una laguna y 3 fortalezas o Pukaras.<br \/>\n2. Restos arqueol\u00f3gicos, se tienen las piedras cansadas en el Lago Wi\u00f1ay Marka y en las comunidades existen monolitos, tumbas, etc.<br \/>\n3. A 15 km de Yunguyo se encuentra Copacabana donde se encuentra el<br \/>\nSantuario de la Virgen de Copacabana.<\/p>\n<p>[\/vc_column_text][\/vc_column][\/vc_row][vc_row][vc_column][vc_column_text]<\/p>\n<h3 style=\"text-align: center;\"><strong>Licencias de funcionamiento<\/strong><\/h3>\n<p>[\/vc_column_text][\/vc_column][\/vc_row][vc_row css=\u00bb.vc_custom_1520215762580{padding-top: 30px !important;padding-bottom: 30px !important;}\u00bb][vc_column]<div class=\"popup-gallery\">\r\n                    <div class=\"row row-col-gap\">\r\n                      <div class=\"st_fix_gallery col-md-4 st_1776416043\"><a class=\"hover-img popup-gallery-image\" href=\"https:\/\/www.rm.peruterraexpeditions.com\/wp-content\/uploads\/municipalidad-scaled.jpg\" data-effect=\"mfp-zoom-in\"><img loading=\"lazy\" decoding=\"async\" width=\"360\" height=\"270\" src=\"https:\/\/www.rm.peruterraexpeditions.com\/wp-content\/uploads\/municipalidad-scaled-360x270.jpg\" class=\"attachment-360x270 size-360x270\" alt=\"Agencia de Viajes y Turismo\" \/><i class=\"fa fa-plus round box-icon-small hover-icon i round\"><\/i><\/a><\/div><div class=\"st_fix_gallery col-md-4 st_1776416043\"><a class=\"hover-img popup-gallery-image\" href=\"https:\/\/www.rm.peruterraexpeditions.com\/wp-content\/uploads\/dircetur-scaled.jpg\" data-effect=\"mfp-zoom-in\"><img loading=\"lazy\" decoding=\"async\" width=\"360\" height=\"270\" src=\"https:\/\/www.rm.peruterraexpeditions.com\/wp-content\/uploads\/dircetur-scaled-360x270.jpg\" class=\"attachment-360x270 size-360x270\" alt=\"Agencia de Viajes y Turismo\" \/><i class=\"fa fa-plus round box-icon-small hover-icon i round\"><\/i><\/a><\/div><div class=\"st_fix_gallery col-md-4 st_1776416043\"><a class=\"hover-img popup-gallery-image\" href=\"https:\/\/www.rm.peruterraexpeditions.com\/wp-content\/uploads\/sunat-scaled.jpg\" data-effect=\"mfp-zoom-in\"><img loading=\"lazy\" decoding=\"async\" width=\"360\" height=\"270\" src=\"https:\/\/www.rm.peruterraexpeditions.com\/wp-content\/uploads\/sunat-scaled-360x270.jpg\" class=\"attachment-360x270 size-360x270\" alt=\"Agencia de Viajes y Turismo\" \/><i class=\"fa fa-plus round box-icon-small hover-icon i round\"><\/i><\/a><\/div>\r\n                    <\/div>\r\n                <\/div>[\/vc_column][\/vc_row][vc_row row_fullwidth=\u00bbyes\u00bb el_class=\u00bbrow-no-gutter\u00bb][vc_column width=\u00bb1\/4&#8243; css=\u00bb.vc_custom_1513546709593{padding-right: 0px !important;padding-left: 0px !important;}\u00bb][vc_single_image image=\u00bb282&#8243; img_size=\u00bbfull\u00bb][\/vc_column][vc_column width=\u00bb1\/4&#8243; css=\u00bb.vc_custom_1513546705605{padding-right: 0px !important;padding-left: 0px !important;}\u00bb][vc_single_image image=\u00bb75&#8243; img_size=\u00bbfull\u00bb][\/vc_column][vc_column width=\u00bb1\/4&#8243; css=\u00bb.vc_custom_1513546701465{padding-right: 0px !important;padding-left: 0px !important;}\u00bb][vc_single_image image=\u00bb268&#8243; img_size=\u00bbfull\u00bb css=\u00bb.vc_custom_1519576348461{padding-right: 0px !important;padding-left: 0px !important;}\u00bb][\/vc_column][vc_column width=\u00bb1\/4&#8243; css=\u00bb.vc_custom_1513546633186{padding-right: 0px !important;padding-left: 0px !important;}\u00bb][vc_single_image image=\u00bb277&#8243; img_size=\u00bbfull\u00bb][\/vc_column][\/vc_row][vc_row row_fullwidth=\u00bbyes\u00bb el_class=\u00bbrow-no-gutter\u00bb][vc_column width=\u00bb1\/4&#8243; css=\u00bb.vc_custom_1513546689573{padding-right: 0px !important;padding-left: 0px !important;}\u00bb][vc_single_image image=\u00bb292&#8243; img_size=\u00bbfull\u00bb][\/vc_column][vc_column width=\u00bb1\/4&#8243; css=\u00bb.vc_custom_1513546679905{padding-right: 0px !important;padding-left: 0px !important;}\u00bb][vc_single_image image=\u00bb295&#8243; img_size=\u00bbfull\u00bb][\/vc_column][vc_column width=\u00bb1\/4&#8243; css=\u00bb.vc_custom_1513546670638{padding-right: 0px !important;padding-left: 0px !important;}\u00bb][vc_single_image image=\u00bb306&#8243; img_size=\u00bbfull\u00bb][\/vc_column][vc_column width=\u00bb1\/4&#8243; css=\u00bb.vc_custom_1513546664873{padding-right: 0px !important;padding-left: 0px !important;}\u00bb][vc_single_image image=\u00bb285&#8243; img_size=\u00bbfull\u00bb][\/vc_column][\/vc_row]<\/p>\n","protected":false},"excerpt":{"rendered":"<p>[vc_row css=\u00bb.vc_custom_1519576790778{padding-top: 60px !important;padding-bottom: 60px !important;}\u00bb][vc_column][vc_column_text] PUNO SUS PRINCIPALES ATRACTIVOS TUR\u00cdSTICOS La regi\u00f3n Puno debido a su ubicaci\u00f3n estrat\u00e9gica (eje Cusco &#8211; Puno &#8211; La Paz, Bolivia), su ancestral cultura, presencia de culturas Pre Incas y cultura Inca, y vestigios del Virreinato; aunado a innumerables atractivos de car\u00e1cter natural (lago Titicaca, lagunas, r\u00edos, ceja de [&hellip;]<\/p>\n","protected":false},"author":1,"featured_media":0,"parent":0,"menu_order":0,"comment_status":"closed","ping_status":"closed","template":"template-home.php","meta":{"_joinchat":[],"footnotes":""},"class_list":["post-1150","page","type-page","status-publish","has-post-thumbnail","hentry"],"yoast_head":"<!-- This site is optimized with the Yoast SEO plugin v21.8 - https:\/\/yoast.com\/wordpress\/plugins\/seo\/ -->\n<title>PUNO SUS ATRACTIVOS TUR\u00cdSTICOS - Peru Terra Expeditions<\/title>\n<meta name=\"robots\" content=\"index, follow, max-snippet:-1, max-image-preview:large, max-video-preview:-1\" \/>\n<link rel=\"canonical\" href=\"https:\/\/www.rm.peruterraexpeditions.com\/es\/?page_id=1151\" \/>\n<meta property=\"og:locale\" content=\"es_ES\" \/>\n<meta property=\"og:type\" content=\"article\" \/>\n<meta property=\"og:title\" content=\"PUNO SUS ATRACTIVOS TUR\u00cdSTICOS - Peru Terra Expeditions\" \/>\n<meta property=\"og:description\" content=\"[vc_row css=\u00bb.vc_custom_1519576790778{padding-top: 60px !important;padding-bottom: 60px !important;}\u00bb][vc_column][vc_column_text] PUNO SUS PRINCIPALES ATRACTIVOS TUR\u00cdSTICOS La regi\u00f3n Puno debido a su ubicaci\u00f3n estrat\u00e9gica (eje Cusco &#8211; Puno &#8211; La Paz, Bolivia), su ancestral cultura, presencia de culturas Pre Incas y cultura Inca, y vestigios del Virreinato; aunado a innumerables atractivos de car\u00e1cter natural (lago Titicaca, lagunas, r\u00edos, ceja de [&hellip;]\" \/>\n<meta property=\"og:url\" content=\"https:\/\/www.rm.peruterraexpeditions.com\/en\/?page_id=1151\" \/>\n<meta property=\"og:site_name\" content=\"Peru Terra Expeditions\" \/>\n<meta property=\"article:publisher\" content=\"https:\/\/www.facebook.com\/peruterraexpeditions\/\" \/>\n<meta property=\"article:modified_time\" content=\"2024-01-10T01:25:59+00:00\" \/>\n<meta name=\"twitter:card\" content=\"summary_large_image\" \/>\n<meta name=\"twitter:site\" content=\"@peruterraexpedi\" \/>\n<meta name=\"twitter:label1\" content=\"Tiempo de lectura\" \/>\n\t<meta name=\"twitter:data1\" content=\"6 minutos\" \/>\n<script type=\"application\/ld+json\" class=\"yoast-schema-graph\">{\"@context\":\"https:\/\/schema.org\",\"@graph\":[{\"@type\":\"WebPage\",\"@id\":\"https:\/\/www.rm.peruterraexpeditions.com\/en\/?page_id=1151\",\"url\":\"https:\/\/www.rm.peruterraexpeditions.com\/en\/?page_id=1151\",\"name\":\"PUNO SUS ATRACTIVOS TUR\u00cdSTICOS - Peru Terra Expeditions\",\"isPartOf\":{\"@id\":\"https:\/\/www.rm.peruterraexpeditions.com\/en\/#website\"},\"datePublished\":\"2023-12-27T01:23:21+00:00\",\"dateModified\":\"2024-01-10T01:25:59+00:00\",\"breadcrumb\":{\"@id\":\"https:\/\/www.rm.peruterraexpeditions.com\/en\/?page_id=1151#breadcrumb\"},\"inLanguage\":\"es\",\"potentialAction\":[{\"@type\":\"ReadAction\",\"target\":[\"https:\/\/www.rm.peruterraexpeditions.com\/en\/?page_id=1151\"]}]},{\"@type\":\"BreadcrumbList\",\"@id\":\"https:\/\/www.rm.peruterraexpeditions.com\/en\/?page_id=1151#breadcrumb\",\"itemListElement\":[{\"@type\":\"ListItem\",\"position\":1,\"name\":\"Portada\",\"item\":\"https:\/\/www.rm.peruterraexpeditions.com\/en\/\"},{\"@type\":\"ListItem\",\"position\":2,\"name\":\"PUNO SUS ATRACTIVOS TUR\u00cdSTICOS\"}]},{\"@type\":\"WebSite\",\"@id\":\"https:\/\/www.rm.peruterraexpeditions.com\/en\/#website\",\"url\":\"https:\/\/www.rm.peruterraexpeditions.com\/en\/\",\"name\":\"Peru Terra Expeditions\",\"description\":\"Agencia de Viajes y Turismo\",\"publisher\":{\"@id\":\"https:\/\/www.rm.peruterraexpeditions.com\/en\/#organization\"},\"potentialAction\":[{\"@type\":\"SearchAction\",\"target\":{\"@type\":\"EntryPoint\",\"urlTemplate\":\"https:\/\/www.rm.peruterraexpeditions.com\/en\/?s={search_term_string}\"},\"query-input\":\"required name=search_term_string\"}],\"inLanguage\":\"es\"},{\"@type\":\"Organization\",\"@id\":\"https:\/\/www.rm.peruterraexpeditions.com\/en\/#organization\",\"name\":\"Peru Terra Expeditions\",\"url\":\"https:\/\/www.rm.peruterraexpeditions.com\/en\/\",\"logo\":{\"@type\":\"ImageObject\",\"inLanguage\":\"es\",\"@id\":\"https:\/\/www.rm.peruterraexpeditions.com\/en\/#\/schema\/logo\/image\/\",\"url\":\"https:\/\/peruterraexpeditions.com\/wp-content\/uploads\/logos-peruterra-sin-fondo.png\",\"contentUrl\":\"https:\/\/peruterraexpeditions.com\/wp-content\/uploads\/logos-peruterra-sin-fondo.png\",\"width\":1061,\"height\":594,\"caption\":\"Peru Terra Expeditions\"},\"image\":{\"@id\":\"https:\/\/www.rm.peruterraexpeditions.com\/en\/#\/schema\/logo\/image\/\"},\"sameAs\":[\"https:\/\/www.facebook.com\/peruterraexpeditions\/\",\"https:\/\/twitter.com\/peruterraexpedi\",\"https:\/\/www.instagram.com\/peruterraexpeditions\/\",\"https:\/\/www.pinterest.es\/peruterraexpeditions\/\"]}]}<\/script>\n<!-- \/ Yoast SEO plugin. -->","yoast_head_json":{"title":"PUNO SUS ATRACTIVOS TUR\u00cdSTICOS - Peru Terra Expeditions","robots":{"index":"index","follow":"follow","max-snippet":"max-snippet:-1","max-image-preview":"max-image-preview:large","max-video-preview":"max-video-preview:-1"},"canonical":"https:\/\/www.rm.peruterraexpeditions.com\/es\/?page_id=1151","og_locale":"es_ES","og_type":"article","og_title":"PUNO SUS ATRACTIVOS TUR\u00cdSTICOS - Peru Terra Expeditions","og_description":"[vc_row css=\u00bb.vc_custom_1519576790778{padding-top: 60px !important;padding-bottom: 60px !important;}\u00bb][vc_column][vc_column_text] PUNO SUS PRINCIPALES ATRACTIVOS TUR\u00cdSTICOS La regi\u00f3n Puno debido a su ubicaci\u00f3n estrat\u00e9gica (eje Cusco &#8211; Puno &#8211; La Paz, Bolivia), su ancestral cultura, presencia de culturas Pre Incas y cultura Inca, y vestigios del Virreinato; aunado a innumerables atractivos de car\u00e1cter natural (lago Titicaca, lagunas, r\u00edos, ceja de [&hellip;]","og_url":"https:\/\/www.rm.peruterraexpeditions.com\/en\/?page_id=1151","og_site_name":"Peru Terra Expeditions","article_publisher":"https:\/\/www.facebook.com\/peruterraexpeditions\/","article_modified_time":"2024-01-10T01:25:59+00:00","twitter_card":"summary_large_image","twitter_site":"@peruterraexpedi","twitter_misc":{"Tiempo de lectura":"6 minutos"},"schema":{"@context":"https:\/\/schema.org","@graph":[{"@type":"WebPage","@id":"https:\/\/www.rm.peruterraexpeditions.com\/en\/?page_id=1151","url":"https:\/\/www.rm.peruterraexpeditions.com\/en\/?page_id=1151","name":"PUNO SUS ATRACTIVOS TUR\u00cdSTICOS - Peru Terra Expeditions","isPartOf":{"@id":"https:\/\/www.rm.peruterraexpeditions.com\/en\/#website"},"datePublished":"2023-12-27T01:23:21+00:00","dateModified":"2024-01-10T01:25:59+00:00","breadcrumb":{"@id":"https:\/\/www.rm.peruterraexpeditions.com\/en\/?page_id=1151#breadcrumb"},"inLanguage":"es","potentialAction":[{"@type":"ReadAction","target":["https:\/\/www.rm.peruterraexpeditions.com\/en\/?page_id=1151"]}]},{"@type":"BreadcrumbList","@id":"https:\/\/www.rm.peruterraexpeditions.com\/en\/?page_id=1151#breadcrumb","itemListElement":[{"@type":"ListItem","position":1,"name":"Portada","item":"https:\/\/www.rm.peruterraexpeditions.com\/en\/"},{"@type":"ListItem","position":2,"name":"PUNO SUS ATRACTIVOS TUR\u00cdSTICOS"}]},{"@type":"WebSite","@id":"https:\/\/www.rm.peruterraexpeditions.com\/en\/#website","url":"https:\/\/www.rm.peruterraexpeditions.com\/en\/","name":"Peru Terra Expeditions","description":"Agencia de Viajes y Turismo","publisher":{"@id":"https:\/\/www.rm.peruterraexpeditions.com\/en\/#organization"},"potentialAction":[{"@type":"SearchAction","target":{"@type":"EntryPoint","urlTemplate":"https:\/\/www.rm.peruterraexpeditions.com\/en\/?s={search_term_string}"},"query-input":"required name=search_term_string"}],"inLanguage":"es"},{"@type":"Organization","@id":"https:\/\/www.rm.peruterraexpeditions.com\/en\/#organization","name":"Peru Terra Expeditions","url":"https:\/\/www.rm.peruterraexpeditions.com\/en\/","logo":{"@type":"ImageObject","inLanguage":"es","@id":"https:\/\/www.rm.peruterraexpeditions.com\/en\/#\/schema\/logo\/image\/","url":"https:\/\/peruterraexpeditions.com\/wp-content\/uploads\/logos-peruterra-sin-fondo.png","contentUrl":"https:\/\/peruterraexpeditions.com\/wp-content\/uploads\/logos-peruterra-sin-fondo.png","width":1061,"height":594,"caption":"Peru Terra Expeditions"},"image":{"@id":"https:\/\/www.rm.peruterraexpeditions.com\/en\/#\/schema\/logo\/image\/"},"sameAs":["https:\/\/www.facebook.com\/peruterraexpeditions\/","https:\/\/twitter.com\/peruterraexpedi","https:\/\/www.instagram.com\/peruterraexpeditions\/","https:\/\/www.pinterest.es\/peruterraexpeditions\/"]}]}},"_links":{"self":[{"href":"https:\/\/www.rm.peruterraexpeditions.com\/es\/wp-json\/wp\/v2\/pages\/1150","targetHints":{"allow":["GET"]}}],"collection":[{"href":"https:\/\/www.rm.peruterraexpeditions.com\/es\/wp-json\/wp\/v2\/pages"}],"about":[{"href":"https:\/\/www.rm.peruterraexpeditions.com\/es\/wp-json\/wp\/v2\/types\/page"}],"author":[{"embeddable":true,"href":"https:\/\/www.rm.peruterraexpeditions.com\/es\/wp-json\/wp\/v2\/users\/1"}],"replies":[{"embeddable":true,"href":"https:\/\/www.rm.peruterraexpeditions.com\/es\/wp-json\/wp\/v2\/comments?post=1150"}],"version-history":[{"count":1,"href":"https:\/\/www.rm.peruterraexpeditions.com\/es\/wp-json\/wp\/v2\/pages\/1150\/revisions"}],"predecessor-version":[{"id":1158,"href":"https:\/\/www.rm.peruterraexpeditions.com\/es\/wp-json\/wp\/v2\/pages\/1150\/revisions\/1158"}],"wp:attachment":[{"href":"https:\/\/www.rm.peruterraexpeditions.com\/es\/wp-json\/wp\/v2\/media?parent=1150"}],"curies":[{"name":"wp","href":"https:\/\/api.w.org\/{rel}","templated":true}]}}