{"id":1140,"date":"2023-12-15T01:06:10","date_gmt":"2023-12-15T01:06:10","guid":{"rendered":"https:\/\/www.peruterraexpeditions.com\/?page_id=1140"},"modified":"2024-01-10T01:25:20","modified_gmt":"2024-01-10T01:25:20","slug":"cusco-atractivos-turisticos","status":"publish","type":"page","link":"https:\/\/www.rm.peruterraexpeditions.com\/es\/cusco-atractivos-turisticos\/","title":{"rendered":"Cusco sus Atractivos Turisticos"},"content":{"rendered":"<p>[vc_row css=\u00bb.vc_custom_1519576790778{padding-top: 60px !important;padding-bottom: 60px !important;}\u00bb][vc_column][vc_column_text]<\/p>\n<h2 style=\"text-align: center;\"><strong>CUSCO: PRINCIPALES ATRACTIVOS TUR\u00cdSTICOS<\/strong><\/h2>\n<p><em><strong>1. Andahuaylillas:<\/strong><\/em> Poblado en donde destaca la Iglesia de San Pedro de Andahuaylillas, construida a comienzos del siglo XVII. Adornan su interior altares dorados, pinturas y murales de la escuela cusque\u00f1a y orfebrer\u00eda de plata. Hermosa es tambi\u00e9n su plaza realzada por \u00e1rboles de Pisonay. Unos kil\u00f3metros m\u00e1s all\u00e1 llegamos a la localidad de Huaro, donde resid\u00edan los brujos de la \u00e9poca incaica.<\/p>\n<p><em><strong>2. Barrio de San Blas:<\/strong><\/em> Esta ciudad es famosa porque podemos encontrar a los artistas m\u00e1s importantes de la regi\u00f3n. Podr\u00edamos visitar una asombrosa feria popular, almacenes de artesanos, hermosas plazas y caminar a lo largo de las estrechas calles donde se puede apreciar la arquitectura colonial como la iglesia de San Blas, la m\u00e1s antigua en toda la ciudad. Podemos tambi\u00e9n compartir con la comunidad sus costumbres y disfrutar de la comida<br \/>\nde la regi\u00f3n.<\/p>\n<p><em><strong>3. Maras:<\/strong><\/em> Muestra una gran iglesia y bellas casonas con escudos de nobles indios, reflejo de una \u00e9poca de prosperidad durante la colonia. Sitio de parada obligatoria en las minas de sal, explotadas desde los tiempos del imperio hasta hoy, en donde podremos participar de la extracci\u00f3n de este mineral,<br \/>\nutilizando la t\u00e9cnica de aquellas \u00e9pocas.<\/p>\n<p><em><strong>4. Moray:<\/strong> <\/em>Andenes agr\u00edcolas que sirvieron de laboratorio agr\u00edcola inca para experimentar con sus cultivos. Moray encierra historia y belleza paisaj\u00edstica. Desde aqu\u00ed tambi\u00e9n podemos llegar a las salineras y disfrutar del espect\u00e1culo de los pozos de sal.<\/p>\n<p><em><strong>5. Ollantaytambo:<\/strong> <\/em>Considerado el \u201cpueblo inca viviente\u201d; este poblado nos<br \/>\nrecibe con el misterio que encierra sus antepasados incas, viviendas intactas, en las cuales no parece haber transcurrido el tiempo, diversos pisos ecol\u00f3gicos,<br \/>\nandener\u00edas incas y reservorios de alimentos, y el puente inca camino a Pachar. Destacan, adem\u00e1s, los monolitos de granito rosado ensamblados con impresionante perfecci\u00f3n y la Fortaleza de Ollantaytambo, edificaci\u00f3n militar conformada por terrazas de piedra labrada cuya finalidad, como la<br \/>\nde otras fortalezas de la misma naturaleza, era proteger el imperio desde otro \u00e1ngulo.<br \/>\nEn esta zona apreciaremos tambi\u00e9n otros monumentos como Ma\u00f1araucay, el<br \/>\nIncahuatana y los Ba\u00f1os de la Princesa. Pero el principal atractivo de esta regi\u00f3n es su tradici\u00f3n y gente. Como suspendidos en el tiempo y ataviado de la manera tradicional, nos remontaremos a los antepasados incas, compartiendo con los gu\u00eda locales y las comunidades mitos, leyendas y costumbres que nos pintar\u00e1n el panorama de un imperio poderoso y m\u00edstico.<\/p>\n<p><em><strong>6. Paucartambo:<\/strong><\/em> Siguiendo la ruta alterna a Pisac, entre Huancarani y Huambut\u00edo, se llega a Paucartambo, hermoso ejemplo del Per\u00fa colonial con ra\u00edces andinas. Calles empedradas y estrechas, flanqueadas por sus encantadoras casas de balcones azules que contrastan con el celeste de su cielo.<br \/>\nEn el mes de julio podemos participar de una de las festividades m\u00e1s espectaculares de la zona, la Fiesta de la Virgen del Carmen y disfrutar de una interminable celebraci\u00f3n en donde danzaremos con los enmascarados al son de las comparsas y las procesiones en honor a la Patrona de Paucartambo.<br \/>\nAbr\u00edguese bien y emprenda el rumbo hacia el Mirador de las Tres Cruces, y sea<br \/>\ntestigo de uno de los amaneceres m\u00e1s inolvidables y bellos del mundo.<\/p>\n<p><strong>7. Piquillacta:<\/strong> Llamada <em><strong>\u201cCiudad de las Pulgas\u201d<\/strong><\/em> fue uno de los centros m\u00e1s importantes para la cultura Wari. Es un conjunto de construcciones cuyo objetivo era defender su territorio y almacenar productos agr\u00edcolas.<br \/>\nUnos pasos m\u00e1s all\u00e1 nos toparemos con la laguna Lucre o Huacarpay, albergue de varias especies animales. Disfrutaremos del paisaje y de las comidas regionales en los restaurantes que se localizan en la zona.<\/p>\n<p><em><strong>8. Pisac:<\/strong> <\/em>Puerta de entrada al Valle de Urubamba, Pisac es un pintoresco pueblo de caracter\u00edsticas mestizas y coloniales. Sea parte de las costumbres locales departiendo con sus comunidades y disfrutando de las artesan\u00edas en el tradicional mercado donde podr\u00e1 encontrar diversos objetos y tejidos de la zona.<br \/>\nOtro de los atractivos de Pisac es su iglesia de origen colonial en donde se celebran misas en quechua con la presencia de los Varayocs, las autoridades locales.<br \/>\nPrep\u00e1rese para subir cuesta arriba de la colina en donde se ubica el Sitio Arqueol\u00f3gico de Pisac, otra de las fortalezas importantes que tambi\u00e9n custodiaban la capital del imperio. Mientras ascendemos seremos testigos de las m\u00e1s espectaculares andener\u00edas. Pisac est\u00e1 conformada por diversos barrios en los que se distingue el de Qanturaquay, Amaru, Punku, Intihuanta o Reloj solar y Tanqanamanka, considerado el cementerio precolombino m\u00e1s grande de Am\u00e9rica del Sur.<\/p>\n<p><em><strong>9. Plaza de Armas del Cusco:\u00a0 <\/strong><\/em>Conocida por los pobladores de la \u00e9poca como Plaza Aucaypata, que en quechua significa \u201cPlaza del Guerrero\u201d, fue uno de los escenarios m\u00e1s importantes para los Incas quienes realizaban apote\u00f3sicas festividades como el Inti Raymi.<br \/>\nSu belleza destaca gracias al hermoso marco que le otorgan sus arquer\u00edas de piedra de dos plantas, obra desarrollada con la llegada de los espa\u00f1oles al Per\u00fa.<\/p>\n<p><em><strong>10. Puca Pucara:<\/strong><\/em> Puca Pucara recibe su nombre en quechua de \u00abFortaleza Roja\u00bb, debido al color rojo que adquieren las rocas durante el crep\u00fasculo. Puca Pucara es otra muestra de arquitectura militar que adem\u00e1s funcion\u00f3 como centro administrativo, y nos invita a recorrer sus andenes, terrazas superpuestas, escalinatas y pasajes por donde transitaron m\u00edticos personajes del imperio inca.<\/p>\n<p><em><strong>11. Qenco o Qenqo<\/strong><\/em>: Lo que m\u00e1s nos impresiona al llegar a Qenco es el enorme bloque de piedra tallada que se cree se utilizaba para almacenar la chicha, bebida de ma\u00edz consumida durante los cultos. Adentr\u00e1ndonos en este complejo de t\u00faneles y galer\u00edas subterr\u00e1neas, adornadas con deidades incas, llegaremos a un patio circular en cuyo centro resalta una piedra o Wanka que podr\u00eda representar una imagen.<\/p>\n<p><em><strong>12. La fortaleza de Sacsayhuam\u00e1n:\u00a0<\/strong><\/em> Si lo que queremos es ejercitarnos, llegar a pie hasta esta impresionante fortaleza militar de los Incas, nos tomar\u00e1 25 minutos y 10 minutos en auto. Ubicada a dos kil\u00f3metros del Cusco,\u00a0 sacsayhuam\u00e1n es un complejo de plataformas de granito que se comunican entre s\u00ed por escalinatas y puertas.<br \/>\nDesde la cima de una colina, esta fortaleza proteg\u00eda celosamente la capital del imperio. Adem\u00e1s su fama reside en la asombrosa precisi\u00f3n con que se unen los bloques de piedra que la conforman. Cuentan tambi\u00e9n que en su construcci\u00f3n se necesit\u00f3 del trabajo de 20 000 hombres y tard\u00f3 m\u00e1s de siete decenios levantarla. Prestemos atenci\u00f3n al ingenioso detalle en su arquitectura, pues esta imponente fortaleza representaba la cabeza de un puma, animal que simbolizaba al Cusco durante el imperio. Destacan tambi\u00e9n el Rodadero, afloramiento de roca natural, y el Trono del Inca.<\/p>\n<p><em><strong>13. Valle de Urubamba:<\/strong><\/em> Situado en el centro del Valle Urubamba y rodeado de los hermoso paisajes que caracterizan a la sierra peruana, este poblado fue centro agr\u00edcola prehisp\u00e1nico.<br \/>\nDisfrute de los deliciosos platos t\u00edpicos en sus famosas picanter\u00edas y\u00a0 restaurantes y ll\u00e9nese de energ\u00edas para explorar sus campi\u00f1as y dem\u00e1s paisajes adornados por el imponente Nevado Chic\u00f3n.<\/p>\n<p><em><strong>14. Valle de Yucay:<\/strong><\/em> Ingresemos a Yucay, poblado enmarcado por hermosos paisajes de verdes valles de clima templado, y visitemos el Palacio del Inca Sayri Tupac, conocido rebelde de Vilcabamba, templo de piedra y adobe con decorados en alto y bajo relieve. Conozcamos la Iglesia Colonial y el museo de sitio.<\/p>\n<p><em><strong>15. Tip\u00f3n:<\/strong><\/em> El Complejo Arqueol\u00f3gico de Tip\u00f3n est\u00e1 ubicado a 25 kil\u00f3metros de Cusco. Seg\u00fan las leyendas, Tip\u00f3n es uno de los jardines reales que orden\u00f3 construir Wiracocha. Est\u00e1 conformada por doce terrazas flanquedas por muros de piedra perfectamente pulidas y enormes andenes, canales y ca\u00eddas de agua, que con la flora del lugar, tiene un impresionante paisaje<\/p>\n<p><em><strong>16. Limatambo:<\/strong><\/em> En la Cr\u00f3nica del Per\u00fa, don Pedro Cieza de Le\u00f3n reconoce a Limatambo como parte del escenario en el que se desarroll\u00f3 la cruenta batalla de Diego de Almagro \u201ccon los indios antes que entrase al Cusco\u201d. Lo cierto es que la historia de este lugar \u2013en el que se levanta imponente el conjunto arqueol\u00f3gico de Tarawasi\u2013 cuenta hechos m\u00e1s antiguos; tal vez desde los florecientes a\u00f1os de la expansi\u00f3n incaica (1 400 d.C.). De acuerdo con la opini\u00f3n de los investigadores, Limatambo fue uno de los cuatro tampus<br \/>\no tambos cusque\u00f1os del Tahuantinsuyo. Lugares de abastecimiento y descanso que se usaban tanto al salir como al llegar a la capital de los incas. Los otros fueron Paucartambo, Pacaraitambo y Ollantaytambo. Estos aposentos estaban ubicados en cada uno de los cuatro ejes cardinales, a 70 u 80 kil\u00f3metros de la Ciudad Imperial.<\/p>\n<p><em><strong>17. La ciudadela inka de Machu Picchu:<\/strong> <\/em>Escondida del paso de los siglos, enredada entre el embrujo de la selva y la monta\u00f1a, Machu Picchu guarda entre sus muros el enigma de un legendario imperio y en el<br \/>\nlaberinto de sus pasajes.<\/p>\n<p><strong>Maravilla arqueol\u00f3gica del Per\u00fa y el mundo, considerada por la UNESCO \u201cPatrimonio Cultural de la Humanidad\u201d<\/strong>, y recientemente elegida como \u201cNueva Maravilla del Mundo\u201d, Machu Picchu nos invita a recorrer su intrincada y espectacular arquitectura y resolver uno de los misterios m\u00e1s grandes de la historia del Per\u00fa: el imperio de los Incas.<\/p>\n<p>Situada en la margen izquierda del r\u00edo Vilcanota, en la quebrada de Kusichaca, esta espectacular construcci\u00f3n se halla enclavada en la cumbre de la monta\u00f1a Machu Picchu, que en quechua quiere decir \u00abMonta\u00f1a Vieja\u00bb. Frente a \u00e9sta, se<br \/>\nimpone la cumbre del Huayna Picchu o monta\u00f1a joven. Ambas, ba\u00f1adas por el torrentoso r\u00edo Urubamba.<br \/>\nLo m\u00e1s resaltante de este complejo es que se complementa armoniosamente con el entorno natural que lo rodea, efecto que pocas veces podremos apreciar en otras obras creadas por el hombre.<\/p>\n<p><em><strong>18. Choquequirao:<\/strong><\/em> Se encuentra ubicada en la Regi\u00f3n Cusco, y se compone de nueve sectores, entre los que destacan est\u00e1n: el centro pol\u00edtico religioso, el<br \/>\nsistema de fuentes y canales con acueductos, y el grupo de las portadas. Es preciso recalcar el car\u00e1cter religioso de este complejo. La arquitectura<br \/>\nse encuentra distribuida alrededor de una explanada o plaza principal, y se<br \/>\ncomplementa por un muy bien conservado sistema de andener\u00eda agr\u00edcola. Los restos arqueol\u00f3gicos se distribuyen en la parte descendente del cerro Choquequirao y se agrupan a manera de peque\u00f1os barrios, un tanto separados entre s\u00ed, siguiendo un probable criterio de fusi\u00f3n y rango social.<\/p>\n<p><strong>a) El sector residencial y las andener\u00edas de choquequirao:<\/strong> La zona residencial se encuentra en la parte descendente, mientras que los flancos de las monta\u00f1as contienen las andener\u00edas de cultivo. Algunas de ellas tuvieron canales de riego y fueron usadas de manera permanente, mientras otras fueron, al perecer, temporales.<\/p>\n<p><em><strong>b) El sector ceremonial de choquequirao:<\/strong><\/em> La zona ceremonial se encuentra en la parte denominada Plaza Principal, mientras que en la parte alta destaca una serie de sofisticados edificios.[\/vc_column_text][\/vc_column][\/vc_row][vc_row][vc_column][vc_column_text]<\/p>\n<h3 style=\"text-align: center;\"><strong>Licencias de funcionamiento<\/strong><\/h3>\n<p>[\/vc_column_text][\/vc_column][\/vc_row][vc_row css=\u00bb.vc_custom_1520215762580{padding-top: 30px !important;padding-bottom: 30px !important;}\u00bb][vc_column]<div class=\"popup-gallery\">\r\n                    <div class=\"row row-col-gap\">\r\n                      <div class=\"st_fix_gallery col-md-4 st_1776416043\"><a class=\"hover-img popup-gallery-image\" href=\"https:\/\/www.rm.peruterraexpeditions.com\/wp-content\/uploads\/municipalidad-scaled.jpg\" data-effect=\"mfp-zoom-in\"><img loading=\"lazy\" decoding=\"async\" width=\"360\" height=\"270\" src=\"https:\/\/www.rm.peruterraexpeditions.com\/wp-content\/uploads\/municipalidad-scaled-360x270.jpg\" class=\"attachment-360x270 size-360x270\" alt=\"Agencia de Viajes y Turismo\" \/><i class=\"fa fa-plus round box-icon-small hover-icon i round\"><\/i><\/a><\/div><div class=\"st_fix_gallery col-md-4 st_1776416043\"><a class=\"hover-img popup-gallery-image\" href=\"https:\/\/www.rm.peruterraexpeditions.com\/wp-content\/uploads\/dircetur-scaled.jpg\" data-effect=\"mfp-zoom-in\"><img loading=\"lazy\" decoding=\"async\" width=\"360\" height=\"270\" src=\"https:\/\/www.rm.peruterraexpeditions.com\/wp-content\/uploads\/dircetur-scaled-360x270.jpg\" class=\"attachment-360x270 size-360x270\" alt=\"Agencia de Viajes y Turismo\" \/><i class=\"fa fa-plus round box-icon-small hover-icon i round\"><\/i><\/a><\/div><div class=\"st_fix_gallery col-md-4 st_1776416043\"><a class=\"hover-img popup-gallery-image\" href=\"https:\/\/www.rm.peruterraexpeditions.com\/wp-content\/uploads\/sunat-scaled.jpg\" data-effect=\"mfp-zoom-in\"><img loading=\"lazy\" decoding=\"async\" width=\"360\" height=\"270\" src=\"https:\/\/www.rm.peruterraexpeditions.com\/wp-content\/uploads\/sunat-scaled-360x270.jpg\" class=\"attachment-360x270 size-360x270\" alt=\"Agencia de Viajes y Turismo\" \/><i class=\"fa fa-plus round box-icon-small hover-icon i round\"><\/i><\/a><\/div>\r\n                    <\/div>\r\n                <\/div>[\/vc_column][\/vc_row][vc_row row_fullwidth=\u00bbyes\u00bb el_class=\u00bbrow-no-gutter\u00bb][vc_column width=\u00bb1\/4&#8243; css=\u00bb.vc_custom_1513546709593{padding-right: 0px !important;padding-left: 0px !important;}\u00bb][vc_single_image image=\u00bb282&#8243; img_size=\u00bbfull\u00bb][\/vc_column][vc_column width=\u00bb1\/4&#8243; css=\u00bb.vc_custom_1513546705605{padding-right: 0px !important;padding-left: 0px !important;}\u00bb][vc_single_image image=\u00bb75&#8243; img_size=\u00bbfull\u00bb][\/vc_column][vc_column width=\u00bb1\/4&#8243; css=\u00bb.vc_custom_1513546701465{padding-right: 0px !important;padding-left: 0px !important;}\u00bb][vc_single_image image=\u00bb268&#8243; img_size=\u00bbfull\u00bb css=\u00bb.vc_custom_1519576348461{padding-right: 0px !important;padding-left: 0px !important;}\u00bb][\/vc_column][vc_column width=\u00bb1\/4&#8243; css=\u00bb.vc_custom_1513546633186{padding-right: 0px !important;padding-left: 0px !important;}\u00bb][vc_single_image image=\u00bb277&#8243; img_size=\u00bbfull\u00bb][\/vc_column][\/vc_row][vc_row row_fullwidth=\u00bbyes\u00bb el_class=\u00bbrow-no-gutter\u00bb][vc_column width=\u00bb1\/4&#8243; css=\u00bb.vc_custom_1513546689573{padding-right: 0px !important;padding-left: 0px !important;}\u00bb][vc_single_image image=\u00bb292&#8243; img_size=\u00bbfull\u00bb][\/vc_column][vc_column width=\u00bb1\/4&#8243; css=\u00bb.vc_custom_1513546679905{padding-right: 0px !important;padding-left: 0px !important;}\u00bb][vc_single_image image=\u00bb295&#8243; img_size=\u00bbfull\u00bb][\/vc_column][vc_column width=\u00bb1\/4&#8243; css=\u00bb.vc_custom_1513546670638{padding-right: 0px !important;padding-left: 0px !important;}\u00bb][vc_single_image image=\u00bb306&#8243; img_size=\u00bbfull\u00bb][\/vc_column][vc_column width=\u00bb1\/4&#8243; css=\u00bb.vc_custom_1513546664873{padding-right: 0px !important;padding-left: 0px !important;}\u00bb][vc_single_image image=\u00bb285&#8243; img_size=\u00bbfull\u00bb][\/vc_column][\/vc_row]<\/p>\n","protected":false},"excerpt":{"rendered":"<p>[vc_row css=\u00bb.vc_custom_1519576790778{padding-top: 60px !important;padding-bottom: 60px !important;}\u00bb][vc_column][vc_column_text] CUSCO: PRINCIPALES ATRACTIVOS TUR\u00cdSTICOS 1. Andahuaylillas: Poblado en donde destaca la Iglesia de San Pedro de Andahuaylillas, construida a comienzos del siglo XVII. Adornan su interior altares dorados, pinturas y murales de la escuela cusque\u00f1a y orfebrer\u00eda de plata. Hermosa es tambi\u00e9n su plaza realzada por \u00e1rboles de Pisonay. [&hellip;]<\/p>\n","protected":false},"author":1,"featured_media":0,"parent":0,"menu_order":0,"comment_status":"closed","ping_status":"closed","template":"template-home.php","meta":{"_joinchat":[],"footnotes":""},"class_list":["post-1140","page","type-page","status-publish","has-post-thumbnail","hentry"],"yoast_head":"<!-- This site is optimized with the Yoast SEO plugin v21.8 - https:\/\/yoast.com\/wordpress\/plugins\/seo\/ -->\n<title>Cusco sus Atractivos Turisticos - Peru Terra Expeditions<\/title>\n<meta name=\"robots\" content=\"index, follow, max-snippet:-1, max-image-preview:large, max-video-preview:-1\" \/>\n<link rel=\"canonical\" href=\"https:\/\/www.rm.peruterraexpeditions.com\/es\/?page_id=1141\" \/>\n<meta property=\"og:locale\" content=\"es_ES\" \/>\n<meta property=\"og:type\" content=\"article\" \/>\n<meta property=\"og:title\" content=\"Cusco sus Atractivos Turisticos - Peru Terra Expeditions\" \/>\n<meta property=\"og:description\" content=\"[vc_row css=\u00bb.vc_custom_1519576790778{padding-top: 60px !important;padding-bottom: 60px !important;}\u00bb][vc_column][vc_column_text] CUSCO: PRINCIPALES ATRACTIVOS TUR\u00cdSTICOS 1. Andahuaylillas: Poblado en donde destaca la Iglesia de San Pedro de Andahuaylillas, construida a comienzos del siglo XVII. Adornan su interior altares dorados, pinturas y murales de la escuela cusque\u00f1a y orfebrer\u00eda de plata. Hermosa es tambi\u00e9n su plaza realzada por \u00e1rboles de Pisonay. [&hellip;]\" \/>\n<meta property=\"og:url\" content=\"https:\/\/www.rm.peruterraexpeditions.com\/en\/?page_id=1141\" \/>\n<meta property=\"og:site_name\" content=\"Peru Terra Expeditions\" \/>\n<meta property=\"article:publisher\" content=\"https:\/\/www.facebook.com\/peruterraexpeditions\/\" \/>\n<meta property=\"article:modified_time\" content=\"2024-01-10T01:25:20+00:00\" \/>\n<meta name=\"twitter:card\" content=\"summary_large_image\" \/>\n<meta name=\"twitter:site\" content=\"@peruterraexpedi\" \/>\n<meta name=\"twitter:label1\" content=\"Tiempo de lectura\" \/>\n\t<meta name=\"twitter:data1\" content=\"11 minutos\" \/>\n<script type=\"application\/ld+json\" class=\"yoast-schema-graph\">{\"@context\":\"https:\/\/schema.org\",\"@graph\":[{\"@type\":\"WebPage\",\"@id\":\"https:\/\/www.rm.peruterraexpeditions.com\/en\/?page_id=1141\",\"url\":\"https:\/\/www.rm.peruterraexpeditions.com\/en\/?page_id=1141\",\"name\":\"Cusco sus Atractivos Turisticos - Peru Terra Expeditions\",\"isPartOf\":{\"@id\":\"https:\/\/www.rm.peruterraexpeditions.com\/en\/#website\"},\"datePublished\":\"2023-12-15T01:06:10+00:00\",\"dateModified\":\"2024-01-10T01:25:20+00:00\",\"breadcrumb\":{\"@id\":\"https:\/\/www.rm.peruterraexpeditions.com\/en\/?page_id=1141#breadcrumb\"},\"inLanguage\":\"es\",\"potentialAction\":[{\"@type\":\"ReadAction\",\"target\":[\"https:\/\/www.rm.peruterraexpeditions.com\/en\/?page_id=1141\"]}]},{\"@type\":\"BreadcrumbList\",\"@id\":\"https:\/\/www.rm.peruterraexpeditions.com\/en\/?page_id=1141#breadcrumb\",\"itemListElement\":[{\"@type\":\"ListItem\",\"position\":1,\"name\":\"Portada\",\"item\":\"https:\/\/www.rm.peruterraexpeditions.com\/en\/\"},{\"@type\":\"ListItem\",\"position\":2,\"name\":\"Cusco sus Atractivos Turisticos\"}]},{\"@type\":\"WebSite\",\"@id\":\"https:\/\/www.rm.peruterraexpeditions.com\/en\/#website\",\"url\":\"https:\/\/www.rm.peruterraexpeditions.com\/en\/\",\"name\":\"Peru Terra Expeditions\",\"description\":\"Agencia de Viajes y Turismo\",\"publisher\":{\"@id\":\"https:\/\/www.rm.peruterraexpeditions.com\/en\/#organization\"},\"potentialAction\":[{\"@type\":\"SearchAction\",\"target\":{\"@type\":\"EntryPoint\",\"urlTemplate\":\"https:\/\/www.rm.peruterraexpeditions.com\/en\/?s={search_term_string}\"},\"query-input\":\"required name=search_term_string\"}],\"inLanguage\":\"es\"},{\"@type\":\"Organization\",\"@id\":\"https:\/\/www.rm.peruterraexpeditions.com\/en\/#organization\",\"name\":\"Peru Terra Expeditions\",\"url\":\"https:\/\/www.rm.peruterraexpeditions.com\/en\/\",\"logo\":{\"@type\":\"ImageObject\",\"inLanguage\":\"es\",\"@id\":\"https:\/\/www.rm.peruterraexpeditions.com\/en\/#\/schema\/logo\/image\/\",\"url\":\"https:\/\/peruterraexpeditions.com\/wp-content\/uploads\/logos-peruterra-sin-fondo.png\",\"contentUrl\":\"https:\/\/peruterraexpeditions.com\/wp-content\/uploads\/logos-peruterra-sin-fondo.png\",\"width\":1061,\"height\":594,\"caption\":\"Peru Terra Expeditions\"},\"image\":{\"@id\":\"https:\/\/www.rm.peruterraexpeditions.com\/en\/#\/schema\/logo\/image\/\"},\"sameAs\":[\"https:\/\/www.facebook.com\/peruterraexpeditions\/\",\"https:\/\/twitter.com\/peruterraexpedi\",\"https:\/\/www.instagram.com\/peruterraexpeditions\/\",\"https:\/\/www.pinterest.es\/peruterraexpeditions\/\"]}]}<\/script>\n<!-- \/ Yoast SEO plugin. -->","yoast_head_json":{"title":"Cusco sus Atractivos Turisticos - Peru Terra Expeditions","robots":{"index":"index","follow":"follow","max-snippet":"max-snippet:-1","max-image-preview":"max-image-preview:large","max-video-preview":"max-video-preview:-1"},"canonical":"https:\/\/www.rm.peruterraexpeditions.com\/es\/?page_id=1141","og_locale":"es_ES","og_type":"article","og_title":"Cusco sus Atractivos Turisticos - Peru Terra Expeditions","og_description":"[vc_row css=\u00bb.vc_custom_1519576790778{padding-top: 60px !important;padding-bottom: 60px !important;}\u00bb][vc_column][vc_column_text] CUSCO: PRINCIPALES ATRACTIVOS TUR\u00cdSTICOS 1. Andahuaylillas: Poblado en donde destaca la Iglesia de San Pedro de Andahuaylillas, construida a comienzos del siglo XVII. Adornan su interior altares dorados, pinturas y murales de la escuela cusque\u00f1a y orfebrer\u00eda de plata. Hermosa es tambi\u00e9n su plaza realzada por \u00e1rboles de Pisonay. [&hellip;]","og_url":"https:\/\/www.rm.peruterraexpeditions.com\/en\/?page_id=1141","og_site_name":"Peru Terra Expeditions","article_publisher":"https:\/\/www.facebook.com\/peruterraexpeditions\/","article_modified_time":"2024-01-10T01:25:20+00:00","twitter_card":"summary_large_image","twitter_site":"@peruterraexpedi","twitter_misc":{"Tiempo de lectura":"11 minutos"},"schema":{"@context":"https:\/\/schema.org","@graph":[{"@type":"WebPage","@id":"https:\/\/www.rm.peruterraexpeditions.com\/en\/?page_id=1141","url":"https:\/\/www.rm.peruterraexpeditions.com\/en\/?page_id=1141","name":"Cusco sus Atractivos Turisticos - Peru Terra Expeditions","isPartOf":{"@id":"https:\/\/www.rm.peruterraexpeditions.com\/en\/#website"},"datePublished":"2023-12-15T01:06:10+00:00","dateModified":"2024-01-10T01:25:20+00:00","breadcrumb":{"@id":"https:\/\/www.rm.peruterraexpeditions.com\/en\/?page_id=1141#breadcrumb"},"inLanguage":"es","potentialAction":[{"@type":"ReadAction","target":["https:\/\/www.rm.peruterraexpeditions.com\/en\/?page_id=1141"]}]},{"@type":"BreadcrumbList","@id":"https:\/\/www.rm.peruterraexpeditions.com\/en\/?page_id=1141#breadcrumb","itemListElement":[{"@type":"ListItem","position":1,"name":"Portada","item":"https:\/\/www.rm.peruterraexpeditions.com\/en\/"},{"@type":"ListItem","position":2,"name":"Cusco sus Atractivos Turisticos"}]},{"@type":"WebSite","@id":"https:\/\/www.rm.peruterraexpeditions.com\/en\/#website","url":"https:\/\/www.rm.peruterraexpeditions.com\/en\/","name":"Peru Terra Expeditions","description":"Agencia de Viajes y Turismo","publisher":{"@id":"https:\/\/www.rm.peruterraexpeditions.com\/en\/#organization"},"potentialAction":[{"@type":"SearchAction","target":{"@type":"EntryPoint","urlTemplate":"https:\/\/www.rm.peruterraexpeditions.com\/en\/?s={search_term_string}"},"query-input":"required name=search_term_string"}],"inLanguage":"es"},{"@type":"Organization","@id":"https:\/\/www.rm.peruterraexpeditions.com\/en\/#organization","name":"Peru Terra Expeditions","url":"https:\/\/www.rm.peruterraexpeditions.com\/en\/","logo":{"@type":"ImageObject","inLanguage":"es","@id":"https:\/\/www.rm.peruterraexpeditions.com\/en\/#\/schema\/logo\/image\/","url":"https:\/\/peruterraexpeditions.com\/wp-content\/uploads\/logos-peruterra-sin-fondo.png","contentUrl":"https:\/\/peruterraexpeditions.com\/wp-content\/uploads\/logos-peruterra-sin-fondo.png","width":1061,"height":594,"caption":"Peru Terra Expeditions"},"image":{"@id":"https:\/\/www.rm.peruterraexpeditions.com\/en\/#\/schema\/logo\/image\/"},"sameAs":["https:\/\/www.facebook.com\/peruterraexpeditions\/","https:\/\/twitter.com\/peruterraexpedi","https:\/\/www.instagram.com\/peruterraexpeditions\/","https:\/\/www.pinterest.es\/peruterraexpeditions\/"]}]}},"_links":{"self":[{"href":"https:\/\/www.rm.peruterraexpeditions.com\/es\/wp-json\/wp\/v2\/pages\/1140","targetHints":{"allow":["GET"]}}],"collection":[{"href":"https:\/\/www.rm.peruterraexpeditions.com\/es\/wp-json\/wp\/v2\/pages"}],"about":[{"href":"https:\/\/www.rm.peruterraexpeditions.com\/es\/wp-json\/wp\/v2\/types\/page"}],"author":[{"embeddable":true,"href":"https:\/\/www.rm.peruterraexpeditions.com\/es\/wp-json\/wp\/v2\/users\/1"}],"replies":[{"embeddable":true,"href":"https:\/\/www.rm.peruterraexpeditions.com\/es\/wp-json\/wp\/v2\/comments?post=1140"}],"version-history":[{"count":1,"href":"https:\/\/www.rm.peruterraexpeditions.com\/es\/wp-json\/wp\/v2\/pages\/1140\/revisions"}],"predecessor-version":[{"id":1148,"href":"https:\/\/www.rm.peruterraexpeditions.com\/es\/wp-json\/wp\/v2\/pages\/1140\/revisions\/1148"}],"wp:attachment":[{"href":"https:\/\/www.rm.peruterraexpeditions.com\/es\/wp-json\/wp\/v2\/media?parent=1140"}],"curies":[{"name":"wp","href":"https:\/\/api.w.org\/{rel}","templated":true}]}}